{"id":4025,"date":"2019-05-23T12:12:41","date_gmt":"2019-05-23T10:12:41","guid":{"rendered":"https:\/\/printu.pl\/inspiracje\/?page_id=4025"},"modified":"2021-01-28T13:54:19","modified_gmt":"2021-01-28T11:54:19","slug":"wideo-poradnik","status":"publish","type":"page","link":"https:\/\/printu.pl\/inspiracje\/wideo-poradnik\/","title":{"rendered":"Wideo poradnik"},"content":{"rendered":"<section id=\"builder-section-text_75\" class=\"builder-section-first builder-section builder-section-text builder-section-next-postlist builder-text-columns-1\" style=\"background-size: cover; background-repeat: no-repeat;background-position: center center;\">\n<div class=\"builder-section-content\">\n<div class=\"builder-text-row\">\n<div class=\"builder-text-column builder-text-column-1\" id=\"builder-section-text_75-column-1\">\n<div class=\"builder-text-content\">\n<h2 style=\"margin-top:20px\">Przed w\u0142\u0105czeniem edytora<\/h2>\n<p>Chcesz rozpocz\u0105\u0107 projektowanie swojego fotoproduktu i nie wiesz jak si\u0119 za to zabra\u0107? W takim razie to idealny moment na zapoznanie si\u0119 ze wskaz\u00f3wkami na start. Koniecznie sprawd\u017a poni\u017csze tutoriale i przejd\u017a do edytora Printu bez najmniejszych w\u0105tpliwo\u015bci.<\/p>\n<\/p><\/div>\n<\/p><\/div>\n<\/p><\/div>\n<div class=\"builder-text-row\">\n<div class=\"builder-text-column builder-text-column-2\" id=\"builder-section-text_75-column-1\">\n<div class=\"builder-text-content\">\n\t\t\t\t\t\t\t\t\t\t\t<\/div>\n<\/p><\/div>\n<\/p><\/div>\n<div class=\"builder-text-row\">\n<div class=\"builder-text-column builder-text-column-3\" id=\"builder-section-text_75-column-1\">\n<div class=\"builder-text-content\">\n\t\t\t\t\t\t\t\t\t\t\t<\/div>\n<\/p><\/div>\n<\/p><\/div>\n<\/p><\/div>\n<\/section>\n<section id=\"builder-section-postlist_57\" class=\"builder-section-prev-text builder-section builder-section-postlist builder-section-next-text -mode\" style=\"background-size: cover; background-repeat: no-repeat;background-position: center center;\">\n<div class=\"builder-section-content container\">\n\t\t\t\t<div class=\"ttfmp-post-list columns-3 thumbnail-top has-excerpt\">\n\t\t\t\n\t\t\t\t\t\t\t\t\t\t\t\t\t\t\t\t\t\t\t\t\t<div class=\"ttfmp-post-list-row\">\n\t\t\t\t\t\t\t\t\t\t<div class=\"ttfmp-post-list-item\">\n\t\t\t\t\t\t\n<header class=\"ttfmp-post-list-item-header\">\n\t\t<figure class=\"ttfmp-post-list-item-thumb position-top\">\n\t\t\t\t<a href=\"https:\/\/printu.pl\/inspiracje\/jak-wybrac-rodzaj-papieru-w-fotoksiazce\/\">\n\t\t\t<img width=\"960\" height=\"524\" src=\"https:\/\/printu.pl\/inspiracje\/wp-content\/uploads\/2018\/11\/30143336\/co-kupic-na-prezent-fotoksiazka.jpg\" class=\"attachment-large size-large wp-post-image\" alt=\"\" loading=\"lazy\" srcset=\"https:\/\/printu.pl\/inspiracje\/wp-content\/uploads\/2018\/11\/30143336\/co-kupic-na-prezent-fotoksiazka.jpg 990w, https:\/\/printu.pl\/inspiracje\/wp-content\/uploads\/2018\/11\/30143336\/co-kupic-na-prezent-fotoksiazka-350x191.jpg 350w, https:\/\/printu.pl\/inspiracje\/wp-content\/uploads\/2018\/11\/30143336\/co-kupic-na-prezent-fotoksiazka-768x419.jpg 768w, https:\/\/printu.pl\/inspiracje\/wp-content\/uploads\/2018\/11\/30143336\/co-kupic-na-prezent-fotoksiazka-310x169.jpg 310w\" sizes=\"(max-width: 960px) 100vw, 960px\" \/>\t\t<\/a>\n\t\t\t<\/figure>\n\t\t\t<h3 class=\"ttfmp-post-list-item-title\">\n\t\t<a href=\"https:\/\/printu.pl\/inspiracje\/jak-wybrac-rodzaj-papieru-w-fotoksiazce\/\">\n\t\t\tJak wybra\u0107 rodzaj papieru w fotoksi\u0105\u017cce?\t\t<\/a>\n\t<\/h3>\n\t\t<\/header>\n<div class=\"ttfmp-post-list-item-content\">\n\t<p>Twoj\u0105 fotoksi\u0105\u017ck\u0119 mo\u017cesz zaprojektowa\u0107 na papierze b\u0142yszcz\u0105cym lub matowym. Mog\u0142oby si\u0119 wydawa\u0107, \u017ce wyb\u00f3r jego rodzaju to nic wa\u017cnego. Ot\u00f3\u017c nie!<br \/>\n <a class=\"more-link\" href=\"https:\/\/printu.pl\/inspiracje\/jak-wybrac-rodzaj-papieru-w-fotoksiazce\/\">Czytaj dalej<\/a><\/p>\n<\/div>\n\t\t\t\t\t<\/div>\n\t\t\t\t\t\t\t\t\t\t\t\t\t\t\t\t\t\t\t\t\t\t\t\t\t\t\t\t\t\t\t\t\t<div class=\"ttfmp-post-list-item\">\n\t\t\t\t\t\t\n<header class=\"ttfmp-post-list-item-header\">\n\t\t<figure class=\"ttfmp-post-list-item-thumb position-top\">\n\t\t\t\t<a href=\"https:\/\/printu.pl\/inspiracje\/jak-wybrac-rozmiar-fotoksiazki\/\">\n\t\t\t<img width=\"960\" height=\"524\" src=\"https:\/\/printu.pl\/inspiracje\/wp-content\/uploads\/2018\/11\/30132341\/jak-zrobic-fotoksiazke-pomysl-na-prezent.jpg\" class=\"attachment-large size-large wp-post-image\" alt=\"\" loading=\"lazy\" srcset=\"https:\/\/printu.pl\/inspiracje\/wp-content\/uploads\/2018\/11\/30132341\/jak-zrobic-fotoksiazke-pomysl-na-prezent.jpg 990w, https:\/\/printu.pl\/inspiracje\/wp-content\/uploads\/2018\/11\/30132341\/jak-zrobic-fotoksiazke-pomysl-na-prezent-350x191.jpg 350w, https:\/\/printu.pl\/inspiracje\/wp-content\/uploads\/2018\/11\/30132341\/jak-zrobic-fotoksiazke-pomysl-na-prezent-768x419.jpg 768w, https:\/\/printu.pl\/inspiracje\/wp-content\/uploads\/2018\/11\/30132341\/jak-zrobic-fotoksiazke-pomysl-na-prezent-310x169.jpg 310w\" sizes=\"(max-width: 960px) 100vw, 960px\" \/>\t\t<\/a>\n\t\t\t<\/figure>\n\t\t\t<h3 class=\"ttfmp-post-list-item-title\">\n\t\t<a href=\"https:\/\/printu.pl\/inspiracje\/jak-wybrac-rozmiar-fotoksiazki\/\">\n\t\t\tJak wybra\u0107 rozmiar fotoksi\u0105\u017cki i fotoalbumu?\t\t<\/a>\n\t<\/h3>\n\t\t<\/header>\n<div class=\"ttfmp-post-list-item-content\">\n\t<p>Wyb\u00f3r rozmiaru Twojej fotoksi\u0105\u017cki jest bardzo wa\u017cny. Musisz go dokona\u0107 jeszcze przed rozpocz\u0119ciem projektowania.<br \/>\n <a class=\"more-link\" href=\"https:\/\/printu.pl\/inspiracje\/jak-wybrac-rozmiar-fotoksiazki\/\">Czytaj dalej<\/a><\/p>\n<\/div>\n\t\t\t\t\t<\/div>\n\t\t\t\t\t\t\t\t\t\t\t\t\t\t\t\t\t\t\t\t\t\t\t\t\t\t\t\t\t\t\t\t\t<div class=\"ttfmp-post-list-item last\">\n\t\t\t\t\t\t\n<header class=\"ttfmp-post-list-item-header\">\n\t\t<figure class=\"ttfmp-post-list-item-thumb position-top\">\n\t\t\t\t<a href=\"https:\/\/printu.pl\/inspiracje\/jak-wybrac-szablon-fotoksiazki\/\">\n\t\t\t<img width=\"960\" height=\"524\" src=\"https:\/\/printu.pl\/inspiracje\/wp-content\/uploads\/2018\/11\/29103130\/fotoksiazka-szablon-tutorial.jpg\" class=\"attachment-large size-large wp-post-image\" alt=\"\" loading=\"lazy\" srcset=\"https:\/\/printu.pl\/inspiracje\/wp-content\/uploads\/2018\/11\/29103130\/fotoksiazka-szablon-tutorial.jpg 990w, https:\/\/printu.pl\/inspiracje\/wp-content\/uploads\/2018\/11\/29103130\/fotoksiazka-szablon-tutorial-350x191.jpg 350w, https:\/\/printu.pl\/inspiracje\/wp-content\/uploads\/2018\/11\/29103130\/fotoksiazka-szablon-tutorial-768x419.jpg 768w, https:\/\/printu.pl\/inspiracje\/wp-content\/uploads\/2018\/11\/29103130\/fotoksiazka-szablon-tutorial-310x169.jpg 310w\" sizes=\"(max-width: 960px) 100vw, 960px\" \/>\t\t<\/a>\n\t\t\t<\/figure>\n\t\t\t<h3 class=\"ttfmp-post-list-item-title\">\n\t\t<a href=\"https:\/\/printu.pl\/inspiracje\/jak-wybrac-szablon-fotoksiazki\/\">\n\t\t\tJak wybra\u0107 szablon do fotoksi\u0105\u017cki Printu?\t\t<\/a>\n\t<\/h3>\n\t\t<\/header>\n<div class=\"ttfmp-post-list-item-content\">\n\t<p>W tym filmie poka\u017c\u0119 Ci, jak wybra\u0107 szablon na stronie Printu. Jest to idealna baza, kt\u00f3r\u0105 wystarczy uzupe\u0142ni\u0107 zdj\u0119ciami.<br \/>\n <a class=\"more-link\" href=\"https:\/\/printu.pl\/inspiracje\/jak-wybrac-szablon-fotoksiazki\/\">Czytaj dalej<\/a><\/p>\n<\/div>\n\t\t\t\t\t<\/div>\n\t\t\t\t\t\t\t\t\t\t\t<\/div>\n\t\t\t\t\t\t\t\t\t\t\t\t\t\t\t\t\t\t\t\n\t\t\t\n\n\t\t\t\n\t\t\t\t\t<\/div>\n\t\t\n\t<\/div>\n<\/section>\n<section id=\"builder-section-text_100\" class=\"builder-section-prev-postlist builder-section builder-section-text builder-section-next-postlist builder-text-columns-1\" style=\"background-size: cover; background-repeat: no-repeat;background-position: center center;\">\n<div class=\"builder-section-content\">\n<div class=\"builder-text-row\">\n<div class=\"builder-text-column builder-text-column-1\" id=\"builder-section-text_100-column-1\">\n<div class=\"builder-text-content\">\n<p><!--\n\n\n\n<h2>Projektowanie - funkcje podstawowe<\/h2>\n\n\n\n\nZale\u017cy Ci na szybkim zaprojektowaniu fotoksi\u0105\u017cki lub fotoalbumu? Poni\u017csze filmiki w pigu\u0142ce wyja\u015bni\u0105 Ci podstawowe funkcje dost\u0119pne w edytorze Printu, dzi\u0119ki kt\u00f3rym wykonasz projekt w kilka chwil!--><\/p>\n<\/p><\/div>\n<\/p><\/div>\n<\/p><\/div>\n<div class=\"builder-text-row\">\n<div class=\"builder-text-column builder-text-column-2\" id=\"builder-section-text_100-column-1\">\n<div class=\"builder-text-content\">\n\t\t\t\t\t\t\t\t\t\t\t<\/div>\n<\/p><\/div>\n<\/p><\/div>\n<div class=\"builder-text-row\">\n<div class=\"builder-text-column builder-text-column-3\" id=\"builder-section-text_100-column-1\">\n<div class=\"builder-text-content\">\n\t\t\t\t\t\t\t\t\t\t\t<\/div>\n<\/p><\/div>\n<\/p><\/div>\n<\/p><\/div>\n<\/section>\n<section id=\"builder-section-postlist_62\" class=\"builder-section-prev-text builder-section builder-section-postlist builder-section-next-text -mode\" style=\"background-size: cover; background-repeat: no-repeat;background-position: center center;\">\n<div class=\"builder-section-content container\">\n\t\t\t\t<div class=\"ttfmp-post-list columns-3 thumbnail-top has-excerpt\">\n\t\t\t\n\t\t\t\t\t\t\n\t\t\t\n\n\t\t\t\n\t\t\t\t\t<\/div>\n\t\t\n\t<\/div>\n<\/section>\n<section id=\"builder-section-text_234\" class=\"builder-section-prev-postlist builder-section builder-section-text builder-section-next-postlist builder-text-columns-1\" style=\"background-size: cover; background-repeat: no-repeat;background-position: center center;\">\n<div class=\"builder-section-content\">\n<div class=\"builder-text-row\">\n<div class=\"builder-text-column builder-text-column-1\" id=\"builder-section-text_234-column-1\">\n<div class=\"builder-text-content\">\n<p><!--\n\n\n\n<h2>Projektowanie - funkcje dodatkowe<\/h2>\n\n\n\n\nChcesz mie\u0107 ca\u0142kowity wp\u0142yw na ostateczn\u0105 form\u0119 fotoksi\u0105\u017cki lub fotoalbumu? Poznaj dodatkowe funkcje edytora, kt\u00f3re pozytywnie Ci\u0119 zaskocz\u0105!--><\/p>\n<\/p><\/div>\n<\/p><\/div>\n<\/p><\/div>\n<div class=\"builder-text-row\">\n<div class=\"builder-text-column builder-text-column-2\" id=\"builder-section-text_234-column-1\">\n<div class=\"builder-text-content\">\n\t\t\t\t\t\t\t\t\t\t\t<\/div>\n<\/p><\/div>\n<\/p><\/div>\n<div class=\"builder-text-row\">\n<div class=\"builder-text-column builder-text-column-3\" id=\"builder-section-text_234-column-1\">\n<div class=\"builder-text-content\">\n\t\t\t\t\t\t\t\t\t\t\t<\/div>\n<\/p><\/div>\n<\/p><\/div>\n<\/p><\/div>\n<\/section>\n<section id=\"builder-section-postlist_69\" class=\"builder-section-prev-text builder-section builder-section-postlist builder-section-next-text -mode\" style=\"background-size: cover; background-repeat: no-repeat;background-position: center center;\">\n<div class=\"builder-section-content container\">\n\t\t\t\t<div class=\"ttfmp-post-list columns-3 thumbnail-top has-excerpt\">\n\t\t\t\n\t\t\t\t\t\t\n\t\t\t\n\n\t\t\t\n\t\t\t\t\t<\/div>\n\t\t\n\t<\/div>\n<\/section>\n<section id=\"builder-section-text_130\" class=\"builder-section-prev-postlist builder-section builder-section-text builder-section-next-postlist builder-text-columns-1\" style=\"background-size: cover; background-repeat: no-repeat;background-position: center center;\">\n<div class=\"builder-section-content\">\n<div class=\"builder-text-row\">\n<div class=\"builder-text-column builder-text-column-1\" id=\"builder-section-text_130-column-1\">\n<div class=\"builder-text-content\">\n<h2>Finalizacja projektu<\/h2>\n<p>Sko\u0144czy\u0142e\u015b projekt fotoksi\u0105\u017cki lub fotoalbumu i chcesz dowiedzie\u0107 si\u0119 jak go zam\u00f3wi\u0107? A mo\u017ce poszukujesz innych wskaz\u00f3wek na temat ju\u017c zaprojektowanego produktu? Poni\u017cej znajdziesz wszystkie cenne rady.<\/p>\n<\/p><\/div>\n<\/p><\/div>\n<\/p><\/div>\n<div class=\"builder-text-row\">\n<div class=\"builder-text-column builder-text-column-2\" id=\"builder-section-text_130-column-1\">\n<div class=\"builder-text-content\">\n\t\t\t\t\t\t\t\t\t\t\t<\/div>\n<\/p><\/div>\n<\/p><\/div>\n<div class=\"builder-text-row\">\n<div class=\"builder-text-column builder-text-column-3\" id=\"builder-section-text_130-column-1\">\n<div class=\"builder-text-content\">\n\t\t\t\t\t\t\t\t\t\t\t<\/div>\n<\/p><\/div>\n<\/p><\/div>\n<\/p><\/div>\n<\/section>\n<section id=\"builder-section-postlist_76\" class=\"builder-section-prev-text builder-section builder-section-postlist builder-section-last -mode\" style=\"background-size: cover; background-repeat: no-repeat;background-position: center center;\">\n<div class=\"builder-section-content container\">\n\t\t\t\t<div class=\"ttfmp-post-list columns-3 thumbnail-top has-excerpt\">\n\t\t\t\n\t\t\t\t\t\t\t\t\t\t\t\t\t\t\t\t\t\t\t\t\t<div class=\"ttfmp-post-list-row\">\n\t\t\t\t\t\t\t\t\t\t<div class=\"ttfmp-post-list-item\">\n\t\t\t\t\t\t\n<header class=\"ttfmp-post-list-item-header\">\n\t\t<figure class=\"ttfmp-post-list-item-thumb position-top\">\n\t\t\t\t<a href=\"https:\/\/printu.pl\/inspiracje\/wyciaganie-projektu-fotoksiazki-z-archiwum\/\">\n\t\t\t<img width=\"960\" height=\"524\" src=\"https:\/\/printu.pl\/inspiracje\/wp-content\/uploads\/2019\/03\/11144918\/fotoksiazka.jpg\" class=\"attachment-large size-large wp-post-image\" alt=\"\" loading=\"lazy\" srcset=\"https:\/\/printu.pl\/inspiracje\/wp-content\/uploads\/2019\/03\/11144918\/fotoksiazka.jpg 990w, https:\/\/printu.pl\/inspiracje\/wp-content\/uploads\/2019\/03\/11144918\/fotoksiazka-350x191.jpg 350w, https:\/\/printu.pl\/inspiracje\/wp-content\/uploads\/2019\/03\/11144918\/fotoksiazka-768x419.jpg 768w, https:\/\/printu.pl\/inspiracje\/wp-content\/uploads\/2019\/03\/11144918\/fotoksiazka-310x169.jpg 310w\" sizes=\"(max-width: 960px) 100vw, 960px\" \/>\t\t<\/a>\n\t\t\t<\/figure>\n\t\t\t<h3 class=\"ttfmp-post-list-item-title\">\n\t\t<a href=\"https:\/\/printu.pl\/inspiracje\/wyciaganie-projektu-fotoksiazki-z-archiwum\/\">\n\t\t\tWyci\u0105ganie projektu fotoksi\u0105\u017cki z archiwum\t\t<\/a>\n\t<\/h3>\n\t\t<\/header>\n<div class=\"ttfmp-post-list-item-content\">\n\t<p>Twoje zrealizowane projekty przechowywane s\u0105 w archiwum Printu.<br \/>\n <a class=\"more-link\" href=\"https:\/\/printu.pl\/inspiracje\/wyciaganie-projektu-fotoksiazki-z-archiwum\/\">Czytaj dalej<\/a><\/p>\n<\/div>\n\t\t\t\t\t<\/div>\n\t\t\t\t\t\t\t\t\t\t\t\t\t\t\t\t\t\t\t\t\t\t\t\t\t\t\t\t\t\t\t\t\t<div class=\"ttfmp-post-list-item\">\n\t\t\t\t\t\t\n<header class=\"ttfmp-post-list-item-header\">\n\t\t<figure class=\"ttfmp-post-list-item-thumb position-top\">\n\t\t\t\t<a href=\"https:\/\/printu.pl\/inspiracje\/udostepniania-fotoksiazki\/\">\n\t\t\t<img width=\"960\" height=\"524\" src=\"https:\/\/printu.pl\/inspiracje\/wp-content\/uploads\/2018\/11\/29101946\/jak-zrobic-fotoksiazke.jpg\" class=\"attachment-large size-large wp-post-image\" alt=\"\" loading=\"lazy\" srcset=\"https:\/\/printu.pl\/inspiracje\/wp-content\/uploads\/2018\/11\/29101946\/jak-zrobic-fotoksiazke.jpg 990w, https:\/\/printu.pl\/inspiracje\/wp-content\/uploads\/2018\/11\/29101946\/jak-zrobic-fotoksiazke-350x191.jpg 350w, https:\/\/printu.pl\/inspiracje\/wp-content\/uploads\/2018\/11\/29101946\/jak-zrobic-fotoksiazke-768x419.jpg 768w, https:\/\/printu.pl\/inspiracje\/wp-content\/uploads\/2018\/11\/29101946\/jak-zrobic-fotoksiazke-310x169.jpg 310w\" sizes=\"(max-width: 960px) 100vw, 960px\" \/>\t\t<\/a>\n\t\t\t<\/figure>\n\t\t\t<h3 class=\"ttfmp-post-list-item-title\">\n\t\t<a href=\"https:\/\/printu.pl\/inspiracje\/udostepniania-fotoksiazki\/\">\n\t\t\tJak udost\u0119pni\u0107 projekt fotoksi\u0105\u017cki znajomym?\t\t<\/a>\n\t<\/h3>\n\t\t<\/header>\n<div class=\"ttfmp-post-list-item-content\">\n\t<p>Fotoksi\u0105\u017cka z pi\u0119knymi zdj\u0119ciami robi wra\u017cenie na ka\u017cdym, kto ma okazj\u0119 j\u0105 przegl\u0105da\u0107. Dlatego cz\u0119sto pojawia si\u0119 has\u0142o: \u201cTe\u017c bym tak\u0105 chcia\u0142a\u201d. Jest to mo\u017cliwe!<br \/>\n <a class=\"more-link\" href=\"https:\/\/printu.pl\/inspiracje\/udostepniania-fotoksiazki\/\">Czytaj dalej<\/a><\/p>\n<\/div>\n\t\t\t\t\t<\/div>\n\t\t\t\t\t\t\t\t\t\t\t<\/div>\n\t\t\t\t\t\t\t\t\t\t\t\t\t\t\t\t\t\t\t\n\t\t\t\n\n\t\t\t\n\t\t\t\t\t<\/div>\n\t\t\n\t<\/div>\n<\/section>\n","protected":false},"excerpt":{"rendered":"<p>Przed w\u0142\u0105czeniem edytora Chcesz rozpocz\u0105\u0107 projektowanie swojego fotoproduktu i nie wiesz jak si\u0119 za to zabra\u0107? W takim razie to idealny moment na zapoznanie si\u0119 ze wskaz\u00f3wkami na start. Koniecznie sprawd\u017a poni\u017csze tutoriale i przejd\u017a do edytora Printu bez najmniejszych w\u0105tpliwo\u015bci. Finalizacja projektu Sko\u0144czy\u0142e\u015b projekt fotoksi\u0105\u017cki lub fotoalbumu i chcesz dowiedzie\u0107 si\u0119 jak go zam\u00f3wi\u0107? &hellip;<\/p>\n","protected":false},"author":13,"featured_media":0,"parent":0,"menu_order":0,"comment_status":"closed","ping_status":"closed","template":"template-builder.php","meta":[],"acf":[],"yoast_head":"<!-- This site is optimized with the Yoast SEO plugin v18.9 - https:\/\/yoast.com\/wordpress\/plugins\/seo\/ -->\n<title>Wideo poradnik - PRINTU<\/title>\n<meta name=\"robots\" content=\"index, follow, max-snippet:-1, max-image-preview:large, max-video-preview:-1\" \/>\n<link rel=\"canonical\" href=\"https:\/\/printu.pl\/inspiracje\/wideo-poradnik\/\" \/>\n<meta property=\"og:locale\" content=\"pl_PL\" \/>\n<meta property=\"og:type\" content=\"article\" \/>\n<meta property=\"og:title\" content=\"Wideo poradnik - PRINTU\" \/>\n<meta property=\"og:description\" content=\"Przed w\u0142\u0105czeniem edytora Chcesz rozpocz\u0105\u0107 projektowanie swojego fotoproduktu i nie wiesz jak si\u0119 za to zabra\u0107? W takim razie to idealny moment na zapoznanie si\u0119 ze wskaz\u00f3wkami na start. Koniecznie sprawd\u017a poni\u017csze tutoriale i przejd\u017a do edytora Printu bez najmniejszych w\u0105tpliwo\u015bci. Finalizacja projektu Sko\u0144czy\u0142e\u015b projekt fotoksi\u0105\u017cki lub fotoalbumu i chcesz dowiedzie\u0107 si\u0119 jak go zam\u00f3wi\u0107? &hellip;\" \/>\n<meta property=\"og:url\" content=\"https:\/\/printu.pl\/inspiracje\/wideo-poradnik\/\" \/>\n<meta property=\"og:site_name\" content=\"PRINTU\" \/>\n<meta property=\"article:modified_time\" content=\"2021-01-28T11:54:19+00:00\" \/>\n<meta name=\"twitter:card\" content=\"summary\" \/>\n<meta name=\"twitter:label1\" content=\"Est. reading time\" \/>\n\t<meta name=\"twitter:data1\" content=\"1 minute\" \/>\n<!-- \/ Yoast SEO plugin. -->","yoast_head_json":{"title":"Wideo poradnik - PRINTU","robots":{"index":"index","follow":"follow","max-snippet":"max-snippet:-1","max-image-preview":"max-image-preview:large","max-video-preview":"max-video-preview:-1"},"canonical":"https:\/\/printu.pl\/inspiracje\/wideo-poradnik\/","og_locale":"pl_PL","og_type":"article","og_title":"Wideo poradnik - PRINTU","og_description":"Przed w\u0142\u0105czeniem edytora Chcesz rozpocz\u0105\u0107 projektowanie swojego fotoproduktu i nie wiesz jak si\u0119 za to zabra\u0107? W takim razie to idealny moment na zapoznanie si\u0119 ze wskaz\u00f3wkami na start. Koniecznie sprawd\u017a poni\u017csze tutoriale i przejd\u017a do edytora Printu bez najmniejszych w\u0105tpliwo\u015bci. Finalizacja projektu Sko\u0144czy\u0142e\u015b projekt fotoksi\u0105\u017cki lub fotoalbumu i chcesz dowiedzie\u0107 si\u0119 jak go zam\u00f3wi\u0107? &hellip;","og_url":"https:\/\/printu.pl\/inspiracje\/wideo-poradnik\/","og_site_name":"PRINTU","article_modified_time":"2021-01-28T11:54:19+00:00","twitter_card":"summary","twitter_misc":{"Est. reading time":"1 minute"},"schema":{"@context":"https:\/\/schema.org","@graph":[{"@type":"WebSite","@id":"https:\/\/printu.pl\/inspiracje\/#website","url":"https:\/\/printu.pl\/inspiracje\/","name":"PRINTU","description":"Poradnik","potentialAction":[{"@type":"SearchAction","target":{"@type":"EntryPoint","urlTemplate":"https:\/\/printu.pl\/inspiracje\/?s={search_term_string}"},"query-input":"required name=search_term_string"}],"inLanguage":"pl-PL"},{"@type":"WebPage","@id":"https:\/\/printu.pl\/inspiracje\/wideo-poradnik\/#webpage","url":"https:\/\/printu.pl\/inspiracje\/wideo-poradnik\/","name":"Wideo poradnik - PRINTU","isPartOf":{"@id":"https:\/\/printu.pl\/inspiracje\/#website"},"datePublished":"2019-05-23T10:12:41+00:00","dateModified":"2021-01-28T11:54:19+00:00","breadcrumb":{"@id":"https:\/\/printu.pl\/inspiracje\/wideo-poradnik\/#breadcrumb"},"inLanguage":"pl-PL","potentialAction":[{"@type":"ReadAction","target":["https:\/\/printu.pl\/inspiracje\/wideo-poradnik\/"]}]},{"@type":"BreadcrumbList","@id":"https:\/\/printu.pl\/inspiracje\/wideo-poradnik\/#breadcrumb","itemListElement":[{"@type":"ListItem","position":1,"name":"Poradnik","item":"https:\/\/printu.pl\/inspiracje\/"},{"@type":"ListItem","position":2,"name":"Wideo poradnik"}]}]}},"_links":{"self":[{"href":"https:\/\/printu.pl\/inspiracje\/wp-json\/wp\/v2\/pages\/4025"}],"collection":[{"href":"https:\/\/printu.pl\/inspiracje\/wp-json\/wp\/v2\/pages"}],"about":[{"href":"https:\/\/printu.pl\/inspiracje\/wp-json\/wp\/v2\/types\/page"}],"author":[{"embeddable":true,"href":"https:\/\/printu.pl\/inspiracje\/wp-json\/wp\/v2\/users\/13"}],"replies":[{"embeddable":true,"href":"https:\/\/printu.pl\/inspiracje\/wp-json\/wp\/v2\/comments?post=4025"}],"version-history":[{"count":4,"href":"https:\/\/printu.pl\/inspiracje\/wp-json\/wp\/v2\/pages\/4025\/revisions"}],"predecessor-version":[{"id":5617,"href":"https:\/\/printu.pl\/inspiracje\/wp-json\/wp\/v2\/pages\/4025\/revisions\/5617"}],"wp:attachment":[{"href":"https:\/\/printu.pl\/inspiracje\/wp-json\/wp\/v2\/media?parent=4025"}],"curies":[{"name":"wp","href":"https:\/\/api.w.org\/{rel}","templated":true}]}}